{"id":192,"date":"2025-04-03T17:46:43","date_gmt":"2025-04-03T21:46:43","guid":{"rendered":"https:\/\/literaciadigital.ufms.br\/?page_id=192"},"modified":"2025-09-22T14:08:39","modified_gmt":"2025-09-22T18:08:39","slug":"2-0","status":"publish","type":"page","link":"https:\/\/literaciadigital.ufms.br\/en\/data8\/2-0\/","title":{"rendered":"Cap\u00edtulo 2"},"content":{"rendered":"<div style=\"position: relative\">\n<div style=\"float: left;width: 300px;background-color: #f5f5f5;border: 1px solid #ddd;border-radius: 5px;padding: 15px;margin-right: 20px;margin-bottom: 5px;overflow: hidden\">\n<h3 style=\"margin: 0 0 10px 0;padding-bottom: 8px;border-bottom: 1px solid #ddd\">\u00cdndice<\/h3>\n<ol style=\"margin: 0;padding-left: 0;list-style-type: none\">\n<li style=\"margin-bottom: 5px\"><a style=\"padding: 2px 0\" href=\"https:\/\/literaciadigital.ufms.br\/data8\/1-0\/\">1. O que \u00e9 Ci\u00eancia de Dados?<\/a>\n<ul style=\"margin: 5px 0 5px 15px;padding-left: 10px;list-style-type: none;border-left: 1px solid #ddd\">\n<li style=\"margin-bottom: 3px\"><a style=\"padding: 2px 0\" href=\"https:\/\/literaciadigital.ufms.br\/data8\/1-0\/1-1\/\">1.1. Introdu\u00e7\u00e3o<\/a>\n<ul style=\"margin: 5px 0 5px 15px;padding-left: 10px;list-style-type: none;border-left: 1px solid #ddd\">\n<li style=\"margin-bottom: 3px\"><a style=\"padding: 2px 0\" href=\"https:\/\/literaciadigital.ufms.br\/data8\/1-0\/1-1\/1-1\/\">1.1.1. Ferramentas Computacionais<\/a><\/li>\n<li style=\"margin-bottom: 3px\"><a style=\"padding: 2px 0\" href=\"https:\/\/literaciadigital.ufms.br\/data8\/1-0\/1-1\/1-2\/\">1.1.2. T\u00e9cnicas Estat\u00edsticas<\/a><\/li>\n<\/ul>\n<\/li>\n<li style=\"margin-bottom: 3px\"><a style=\"padding: 2px 0\" href=\"https:\/\/literaciadigital.ufms.br\/data8\/1-0\/1-2\/\">1.2. Por que Ci\u00eancia de Dados?<\/a><\/li>\n<li style=\"margin-bottom: 3px\"><a style=\"padding: 2px 0\" href=\"https:\/\/literaciadigital.ufms.br\/data8\/1-0\/1-3\/\">1.3. Tra\u00e7ando os Cl\u00e1ssicos<\/a>\n<ul style=\"margin: 5px 0 5px 15px;padding-left: 10px;list-style-type: none;border-left: 1px solid #ddd\">\n<li style=\"margin-bottom: 3px\"><a style=\"padding: 2px 0\" href=\"https:\/\/literaciadigital.ufms.br\/data8\/1-0\/1-3\/3-1\/\">1.3.1. Personagens Liter\u00e1rios<\/a><\/li>\n<li style=\"margin-bottom: 3px\"><a style=\"padding: 2px 0\" href=\"https:\/\/literaciadigital.ufms.br\/data8\/1-0\/1-3\/3-2\/\">1.3.2. Outro Tipo de Personagem<\/a><\/li>\n<\/ul>\n<\/li>\n<\/ul>\n<\/li>\n<li style=\"margin-bottom: 5px\"><a style=\"padding: 2px 0\" href=\"https:\/\/literaciadigital.ufms.br\/data8\/2-0\/\">2. Causalidade e Experimentos<\/a>\n<ul style=\"margin: 5px 0 5px 15px;padding-left: 10px;list-style-type: none;border-left: 1px solid #ddd\">\n<li style=\"margin-bottom: 3px\"><a style=\"padding: 2px 0\" href=\"https:\/\/literaciadigital.ufms.br\/data8\/2-0\/2-1\/\">2.1. John Snow e a Bomba da Broad Street<\/a><\/li>\n<li style=\"margin-bottom: 3px\"><a style=\"padding: 2px 0\" href=\"https:\/\/literaciadigital.ufms.br\/data8\/2-0\/2-2\/\">2.2. O &#8220;Grande Experimento&#8221; de Snow<\/a><\/li>\n<li style=\"margin-bottom: 3px\"><a style=\"padding: 2px 0\" href=\"https:\/\/literaciadigital.ufms.br\/data8\/2-0\/2-3\/\">2.3. Estabelecendo Causalidade<\/a><\/li>\n<li style=\"margin-bottom: 3px\"><a style=\"padding: 2px 0\" href=\"https:\/\/literaciadigital.ufms.br\/data8\/2-0\/2-4\/\">2.4. Randomiza\u00e7\u00e3o<\/a><\/li>\n<li style=\"margin-bottom: 3px\"><a style=\"padding: 2px 0\" href=\"https:\/\/literaciadigital.ufms.br\/data8\/2-0\/2-5\/\">2.5. Notas Finais<\/a><\/li>\n<\/ul>\n<\/li>\n<li style=\"margin-bottom: 5px\"><a style=\"padding: 2px 0\" href=\"https:\/\/literaciadigital.ufms.br\/data8\/3-0\/\">3. Progamando em Python<\/a>\n<ul style=\"margin: 5px 0 5px 15px;padding-left: 10px;list-style-type: none;border-left: 1px solid #ddd\">\n<li style=\"margin-bottom: 3px\"><a style=\"padding: 2px 0\" href=\"https:\/\/literaciadigital.ufms.br\/data8\/3-0\/3-1\/\">3.1. Express\u00f5es<\/a><\/li>\n<li style=\"margin-bottom: 3px\"><a style=\"padding: 2px 0\" href=\"https:\/\/literaciadigital.ufms.br\/data8\/3-0\/3-2\/\">3.2. Nomes<\/a>\n<ul style=\"margin: 5px 0 5px 15px;padding-left: 10px;list-style-type: none;border-left: 1px solid #ddd\">\n<li style=\"margin-bottom: 3px\"><a style=\"padding: 2px 0\" href=\"https:\/\/literaciadigital.ufms.br\/data8\/3-0\/3-2\/2-1\/\">3.2.1. Exemplo: Taxas de Crescimento<\/a><\/li>\n<\/ul>\n<\/li>\n<li style=\"margin-bottom: 3px\"><a style=\"padding: 2px 0\" href=\"https:\/\/literaciadigital.ufms.br\/data8\/3-0\/3-3\/\">3.3. Chamadas<\/a><\/li>\n<li style=\"margin-bottom: 3px\"><a style=\"padding: 2px 0\" href=\"https:\/\/literaciadigital.ufms.br\/data8\/3-0\/3-4\/\">3.4. Introdu\u00e7\u00e3o \u00e0s Tabelas<\/a><\/li>\n<\/ul>\n<\/li>\n<li style=\"margin-bottom: 5px\"><a style=\"padding: 2px 0\" href=\"https:\/\/literaciadigital.ufms.br\/data8\/4-0\/\">4. Tipos de Dados<\/a>\n<ul style=\"margin: 5px 0 5px 15px;padding-left: 10px;list-style-type: none;border-left: 1px solid #ddd\">\n<li style=\"margin-bottom: 3px\"><a style=\"padding: 2px 0\" href=\"https:\/\/literaciadigital.ufms.br\/data8\/4-0\/4-1\/\">4.1. N\u00fameros<\/a><\/li>\n<li style=\"margin-bottom: 3px\"><a style=\"padding: 2px 0\" href=\"https:\/\/literaciadigital.ufms.br\/data8\/4-0\/4-2\/\">4.2. Strings<\/a>\n<ul style=\"margin: 5px 0 5px 15px;padding-left: 10px;list-style-type: none;border-left: 1px solid #ddd\">\n<li style=\"margin-bottom: 3px\"><a style=\"padding: 2px 0\" href=\"https:\/\/literaciadigital.ufms.br\/data8\/4-0\/4-2\/2-1\/\">4.2.1. M\u00e9todos de Strings<\/a><\/li>\n<\/ul>\n<\/li>\n<li style=\"margin-bottom: 3px\"><a style=\"padding: 2px 0\" href=\"https:\/\/literaciadigital.ufms.br\/data8\/4-0\/4-3\/\">4.3. Compara\u00e7\u00f5es<\/a><\/li>\n<\/ul>\n<\/li>\n<li style=\"margin-bottom: 5px\"><a style=\"padding: 2px 0\" href=\"https:\/\/literaciadigital.ufms.br\/data8\/5-0\/\">5. Sequ\u00eancias<\/a>\n<ul style=\"margin: 5px 0 5px 15px;padding-left: 10px;list-style-type: none;border-left: 1px solid #ddd\">\n<li style=\"margin-bottom: 3px\"><a style=\"padding: 2px 0\" href=\"https:\/\/literaciadigital.ufms.br\/data8\/5-0\/5-1\/\">5.1. Arrays<\/a><\/li>\n<li style=\"margin-bottom: 3px\"><a style=\"padding: 2px 0\" href=\"https:\/\/literaciadigital.ufms.br\/data8\/5-0\/5-2\/\">5.2. Ranges<\/a><\/li>\n<li style=\"margin-bottom: 3px\"><a style=\"padding: 2px 0\" href=\"https:\/\/literaciadigital.ufms.br\/data8\/5-0\/5-3\/\">5.3. Mais sobre Arrays<\/a><\/li>\n<\/ul>\n<\/li>\n<li style=\"margin-bottom: 5px\"><a style=\"padding: 2px 0\" href=\"https:\/\/literaciadigital.ufms.br\/data8\/6-0\/\">6. Tabelas<\/a>\n<ul style=\"margin: 5px 0 5px 15px;padding-left: 10px;list-style-type: none;border-left: 1px solid #ddd\">\n<li style=\"margin-bottom: 3px\"><a style=\"padding: 2px 0\" href=\"https:\/\/literaciadigital.ufms.br\/data8\/6-0\/6-1\/\">6.1. Ordenando Linhas<\/a><\/li>\n<li style=\"margin-bottom: 3px\"><a style=\"padding: 2px 0\" href=\"https:\/\/literaciadigital.ufms.br\/data8\/6-0\/6-2\/\">6.2. Selecionando Linhas<\/a><\/li>\n<li style=\"margin-bottom: 3px\"><a style=\"padding: 2px 0\" href=\"https:\/\/literaciadigital.ufms.br\/data8\/6-0\/6-3\/\">6.3. Exemplo: Tend\u00eancias Populacionais<\/a><\/li>\n<li style=\"margin-bottom: 3px\"><a style=\"padding: 2px 0\" href=\"https:\/\/literaciadigital.ufms.br\/data8\/6-0\/6-4\/\">6.4. Examplo: Propor\u00e7\u00f5es de Sexos<\/a><\/li>\n<\/ul>\n<\/li>\n<li style=\"margin-bottom: 5px\"><a style=\"padding: 2px 0\" href=\"https:\/\/literaciadigital.ufms.br\/data8\/7-0\/\">7. Visualiza\u00e7\u00e3o<\/a>\n<ul style=\"margin: 5px 0 5px 15px;padding-left: 10px;list-style-type: none;border-left: 1px solid #ddd\">\n<li style=\"margin-bottom: 3px\"><a style=\"padding: 2px 0\" href=\"https:\/\/literaciadigital.ufms.br\/data8\/7-0\/7-1\/\">7.1. Visualizando Distribui\u00e7\u00f5es<br \/>\nCateg\u00f3ricas<\/a><\/li>\n<li style=\"margin-bottom: 3px\"><a style=\"padding: 2px 0\" href=\"https:\/\/literaciadigital.ufms.br\/data8\/7-0\/7-2\/\">7.2. Visualizando Distribui\u00e7\u00f5es Num\u00e9ricas<\/a><\/li>\n<li style=\"margin-bottom: 3px\"><a style=\"padding: 2px 0\" href=\"https:\/\/literaciadigital.ufms.br\/data8\/7-0\/7-3\/\">7.3. Gr\u00e1ficos Sobrepostos<\/a><\/li>\n<\/ul>\n<\/li>\n<li style=\"margin-bottom: 5px\"><a style=\"padding: 2px 0\" href=\"https:\/\/literaciadigital.ufms.br\/data8\/8-0\/\">8. Fun\u00e7\u00f5es e Tabelas<\/a>\n<ul style=\"margin: 5px 0 5px 15px;padding-left: 10px;list-style-type: none;border-left: 1px solid #ddd\">\n<li style=\"margin-bottom: 3px\"><a style=\"padding: 2px 0\" href=\"https:\/\/literaciadigital.ufms.br\/data8\/8-0\/8-1\/\">8.1. Aplicando Fun\u00e7\u00e3o a uma Coluna<\/a><\/li>\n<li style=\"margin-bottom: 3px\"><a style=\"padding: 2px 0\" href=\"https:\/\/literaciadigital.ufms.br\/data8\/8-0\/8-2\/\">8.2. Classificando por uma Vari\u00e1vel<\/a><\/li>\n<li style=\"margin-bottom: 3px\"><a style=\"padding: 2px 0\" href=\"https:\/\/literaciadigital.ufms.br\/data8\/8-0\/8-3\/\">8.3. Classifica\u00e7\u00e3o Cruzada<\/a><\/li>\n<li style=\"margin-bottom: 3px\"><a style=\"padding: 2px 0\" href=\"https:\/\/literaciadigital.ufms.br\/data8\/8-0\/8-4\/\">8.4. Unindo Tabelas por Colunas<\/a><\/li>\n<li style=\"margin-bottom: 3px\"><a style=\"padding: 2px 0\" href=\"https:\/\/literaciadigital.ufms.br\/data8\/8-0\/8-5\/\">8.5. Compartilhamento de Bicicletas<\/a><\/li>\n<\/ul>\n<\/li>\n<li style=\"margin-bottom: 5px\"><a style=\"padding: 2px 0\" href=\"https:\/\/literaciadigital.ufms.br\/data8\/9-0\/\">9. Aleatoriedade<\/a>\n<ul style=\"margin: 5px 0 5px 15px;padding-left: 10px;list-style-type: none;border-left: 1px solid #ddd\">\n<li style=\"margin-bottom: 3px\"><a style=\"padding: 2px 0\" href=\"https:\/\/literaciadigital.ufms.br\/data8\/9-0\/9-1\/\">9.1. Declara\u00e7\u00f5es Condicionais<\/a><\/li>\n<li style=\"margin-bottom: 3px\"><a style=\"padding: 2px 0\" href=\"https:\/\/literaciadigital.ufms.br\/data8\/9-0\/9-2\/\">9.2. Itera\u00e7\u00e3o<\/a><\/li>\n<li style=\"margin-bottom: 3px\"><a style=\"padding: 2px 0\" href=\"https:\/\/literaciadigital.ufms.br\/data8\/9-0\/9-3\/\">9.3. Simula\u00e7\u00e3o<\/a><\/li>\n<li style=\"margin-bottom: 3px\"><a style=\"padding: 2px 0\" href=\"https:\/\/literaciadigital.ufms.br\/data8\/9-0\/9-4\/\">9.4. O Problema de Monty Hall<\/a><\/li>\n<li style=\"margin-bottom: 3px\"><a style=\"padding: 2px 0\" href=\"https:\/\/literaciadigital.ufms.br\/data8\/9-0\/9-5\/\">9.5. Encontrando Probabilidades<\/a><\/li>\n<\/ul>\n<\/li>\n<li style=\"margin-bottom: 5px\"><a style=\"padding: 2px 0\" href=\"https:\/\/literaciadigital.ufms.br\/data8\/10-0\/\">10. Amostragem e Distribui\u00e7\u00f5es Emp\u00edricas<\/a>\n<ul style=\"margin: 5px 0 5px 15px;padding-left: 10px;list-style-type: none;border-left: 1px solid #ddd\">\n<li style=\"margin-bottom: 3px\"><a style=\"padding: 2px 0\" href=\"https:\/\/literaciadigital.ufms.br\/data8\/10-0\/10-1\/\">10.1. Distribui\u00e7\u00f5es Emp\u00edricas<\/a><\/li>\n<li style=\"margin-bottom: 3px\"><a style=\"padding: 2px 0\" href=\"https:\/\/literaciadigital.ufms.br\/data8\/10-0\/10-2\/\">10.2. Amostragem de uma Popula\u00e7\u00e3o<\/a><\/li>\n<li style=\"margin-bottom: 3px\"><a style=\"padding: 2px 0\" href=\"https:\/\/literaciadigital.ufms.br\/data8\/10-0\/10-3\/\">10.3. Distribui\u00e7\u00e3o Emp\u00edrica de uma<br \/>\nEstat\u00edstica<\/a><\/li>\n<li style=\"margin-bottom: 3px\"><a style=\"padding: 2px 0\" href=\"https:\/\/literaciadigital.ufms.br\/data8\/10-0\/10-4\/\">10.4. Amostragem Aleat\u00f3ria em Python <\/a><\/li>\n<\/ul>\n<\/li>\n<li style=\"margin-bottom: 5px\"><a style=\"padding: 2px 0\" href=\"https:\/\/literaciadigital.ufms.br\/data8\/11-0\/\">11. Testando Hip\u00f3teses<\/a>\n<ul style=\"margin: 5px 0 5px 15px;padding-left: 10px;list-style-type: none;border-left: 1px solid #ddd\">\n<li style=\"margin-bottom: 3px\"><a style=\"padding: 2px 0\" href=\"https:\/\/literaciadigital.ufms.br\/data8\/11-0\/11-1\/\">11.1. Avaliando um Modelo<\/a><\/li>\n<li style=\"margin-bottom: 3px\"><a style=\"padding: 2px 0\" href=\"https:\/\/literaciadigital.ufms.br\/data8\/11-0\/11-2\/\">11.2. M\u00faltiplas Categorias<\/a><\/li>\n<li style=\"margin-bottom: 3px\"><a style=\"padding: 2px 0\" href=\"https:\/\/literaciadigital.ufms.br\/data8\/11-0\/11-3\/\">11.3. Decis\u00f5es e Incertezas<\/a><\/li>\n<li style=\"margin-bottom: 3px\"><a style=\"padding: 2px 0\" href=\"https:\/\/literaciadigital.ufms.br\/data8\/11-0\/11-4\/\">11.4. Probabilidades de Erro<\/a><\/li>\n<\/ul>\n<\/li>\n<li style=\"margin-bottom: 5px\"><a style=\"padding: 2px 0\" href=\"https:\/\/literaciadigital.ufms.br\/data8\/12-0\/\">12. Comparando Duas Amostras<\/a>\n<ul style=\"margin: 5px 0 5px 15px;padding-left: 10px;list-style-type: none;border-left: 1px solid #ddd\">\n<li style=\"margin-bottom: 3px\"><a style=\"padding: 2px 0\" href=\"https:\/\/literaciadigital.ufms.br\/data8\/12-0\/12-1\/\">12.1. Teste A\/B<\/a><\/li>\n<li style=\"margin-bottom: 3px\"><a style=\"padding: 2px 0\" href=\"https:\/\/literaciadigital.ufms.br\/data8\/12-0\/12-2\/\">12.2. Causalidade<\/a><\/li>\n<li style=\"margin-bottom: 3px\"><a style=\"padding: 2px 0\" href=\"https:\/\/literaciadigital.ufms.br\/data8\/12-0\/12-3\/\">12.3. Esvaziar<\/a><\/li>\n<\/ul>\n<\/li>\n<li style=\"margin-bottom: 5px\"><a style=\"padding: 2px 0\" href=\"https:\/\/literaciadigital.ufms.br\/data8\/13-0\/\">13. Estima\u00e7\u00e3o<\/a>\n<ul style=\"margin: 5px 0 5px 15px;padding-left: 10px;list-style-type: none;border-left: 1px solid #ddd\">\n<li style=\"margin-bottom: 3px\"><a style=\"padding: 2px 0\" href=\"https:\/\/literaciadigital.ufms.br\/data8\/13-0\/13-1\/\">13.1. Percentis<\/a><\/li>\n<li style=\"margin-bottom: 3px\"><a style=\"padding: 2px 0\" href=\"https:\/\/literaciadigital.ufms.br\/data8\/13-0\/13-2\/\">13.2. O Bootstrap<\/a><\/li>\n<li style=\"margin-bottom: 3px\"><a style=\"padding: 2px 0\" href=\"https:\/\/literaciadigital.ufms.br\/data8\/13-0\/13-3\/\">13.3. Intervalos de Confian\u00e7a<\/a><\/li>\n<li style=\"margin-bottom: 3px\"><a style=\"padding: 2px 0\" href=\"https:\/\/literaciadigital.ufms.br\/data8\/13-0\/13-4\/\">13.4. Usando Intervalos de Confian\u00e7a<\/a><\/li>\n<\/ul>\n<\/li>\n<li style=\"margin-bottom: 5px\"><a style=\"padding: 2px 0\" href=\"https:\/\/literaciadigital.ufms.br\/data8\/14-0\/\">14. Por que a M\u00e9dia \u00e9 Importante<\/a>\n<ul style=\"margin: 5px 0 5px 15px;padding-left: 10px;list-style-type: none;border-left: 1px solid #ddd\">\n<li style=\"margin-bottom: 3px\"><a style=\"padding: 2px 0\" href=\"https:\/\/literaciadigital.ufms.br\/data8\/14-0\/14-1\/\">14.1. Propriedades da M\u00e9dia<\/a><\/li>\n<li style=\"margin-bottom: 3px\"><a style=\"padding: 2px 0\" href=\"https:\/\/literaciadigital.ufms.br\/data8\/14-0\/14-2\/\">14.2. Variabilidade<\/a><\/li>\n<li style=\"margin-bottom: 3px\"><a style=\"padding: 2px 0\" href=\"https:\/\/literaciadigital.ufms.br\/data8\/14-0\/14-3\/\">14.3. O DP e a Curva Normal<\/a><\/li>\n<li style=\"margin-bottom: 3px\"><a style=\"padding: 2px 0\" href=\"https:\/\/literaciadigital.ufms.br\/data8\/14-0\/14-4\/\">14.4. Teorema Central do Limite<\/a><\/li>\n<li style=\"margin-bottom: 3px\"><a style=\"padding: 2px 0\" href=\"https:\/\/literaciadigital.ufms.br\/data8\/14-0\/14-5\/\">14.5. Variabilidade da M\u00e9dia da Amostra<\/a><\/li>\n<li style=\"margin-bottom: 3px\"><a style=\"padding: 2px 0\" href=\"https:\/\/literaciadigital.ufms.br\/data8\/14-0\/14-6\/\">14.6. Escolhendo um Tamanho de Amostra<\/a><\/li>\n<\/ul>\n<\/li>\n<li style=\"margin-bottom: 5px\"><a style=\"padding: 2px 0\" href=\"https:\/\/literaciadigital.ufms.br\/data8\/15-0\/\">15. Previs\u00e3o<\/a>\n<ul style=\"margin: 5px 0 5px 15px;padding-left: 10px;list-style-type: none;border-left: 1px solid #ddd\">\n<li style=\"margin-bottom: 3px\"><a style=\"padding: 2px 0\" href=\"https:\/\/literaciadigital.ufms.br\/data8\/15-0\/15-1\/\">15.1. Correla\u00e7\u00e3o<\/a><\/li>\n<li style=\"margin-bottom: 3px\"><a style=\"padding: 2px 0\" href=\"https:\/\/literaciadigital.ufms.br\/data8\/15-0\/15-2\/\">15.2. Linha de Regress\u00e3o<\/a><\/li>\n<li style=\"margin-bottom: 3px\"><a style=\"padding: 2px 0\" href=\"https:\/\/literaciadigital.ufms.br\/data8\/15-0\/15-3\/\">15.3. M\u00e9todo dos M\u00ednimos Quadrados<\/a><\/li>\n<li style=\"margin-bottom: 3px\"><a style=\"padding: 2px 0\" href=\"https:\/\/literaciadigital.ufms.br\/data8\/15-0\/15-4\/\">15.4. Regress\u00e3o de M\u00ednimos Quadrados<\/a><\/li>\n<li style=\"margin-bottom: 3px\"><a style=\"padding: 2px 0\" href=\"https:\/\/literaciadigital.ufms.br\/data8\/15-0\/15-5\/\">15.5. Diagn\u00f3sticos Visuais<\/a><\/li>\n<li style=\"margin-bottom: 3px\"><a style=\"padding: 2px 0\" href=\"https:\/\/literaciadigital.ufms.br\/data8\/15-0\/15-6\/\">15.6. Diagn\u00f3stico Num\u00e9rico<\/a><\/li>\n<\/ul>\n<\/li>\n<\/ol>\n<\/div>\n<p><!-- Main Content --><\/p>\n<div style=\"overflow: hidden\">\n<h1 id=\"causalidade-e-experimentos\" style=\"text-align: center\">Causalidade e Experimentos<\/h1>\n<p style=\"text-align: justify\"><em>&#8220;Esses problemas s\u00e3o, e provavelmente sempre ser\u00e3o, entre os segredos inscrut\u00e1veis da natureza. Eles pertencem a uma classe de perguntas radicalmente inacess\u00edveis \u00e0 intelig\u00eancia humana.&#8221;<\/em> \u2014The Times of London, setembro de 1849, sobre como a c\u00f3lera \u00e9 contra\u00edda e espalhada<\/p>\n<p style=\"text-align: justify\">A pena de morte tem um efeito dissuasivo? Chocolate faz bem para voc\u00ea? O que causa c\u00e2ncer de mama?<\/p>\n<p style=\"text-align: justify\">Todas essas perguntas tentam atribuir uma causa a um efeito. Uma an\u00e1lise cuidadosa dos dados pode ajudar a esclarecer quest\u00f5es como essas. Nesta se\u00e7\u00e3o, voc\u00ea aprender\u00e1 alguns dos conceitos fundamentais envolvidos no estabelecimento de causalidade.<\/p>\n<p style=\"text-align: justify\">A observa\u00e7\u00e3o \u00e9 fundamental para uma boa ci\u00eancia. Um <em>estudo observacional<\/em> \u00e9 aquele em que os cientistas fazem conclus\u00f5es com base em dados que observaram, mas n\u00e3o tiveram participa\u00e7\u00e3o na gera\u00e7\u00e3o. Na ci\u00eancia de dados, muitos estudos desse tipo envolvem observa\u00e7\u00f5es sobre um grupo de indiv\u00edduos, um fator de interesse chamado <em>tratamento<\/em>, e um <em>resultado<\/em> medido em cada indiv\u00edduo.<\/p>\n<p style=\"text-align: justify\">\u00c9 mais f\u00e1cil pensar nos indiv\u00edduos como pessoas. Em um estudo sobre se o chocolate faz bem para a sa\u00fade, os indiv\u00edduos realmente seriam pessoas, o tratamento seria comer chocolate, e o resultado poderia ser uma medida de doen\u00e7as card\u00edacas. Mas os indiv\u00edduos em estudos observacionais n\u00e3o precisam ser pessoas. Em um estudo sobre se a pena de morte tem um efeito dissuasivo, os indiv\u00edduos poderiam ser os 50 estados da uni\u00e3o. Uma lei estadual que permite a pena de morte seria o tratamento, e um resultado poderia ser a taxa de homic\u00eddios do estado.<\/p>\n<p style=\"text-align: justify\">A quest\u00e3o fundamental \u00e9 se o tratamento tem um efeito sobre o resultado. Qualquer rela\u00e7\u00e3o entre o tratamento e o resultado \u00e9 chamada de <em>associa\u00e7\u00e3o<\/em>. Se o tratamento faz com que o resultado ocorra, ent\u00e3o a associa\u00e7\u00e3o \u00e9 <em>causal<\/em>. <em>Causalidade<\/em> \u00e9 o cerne de todas as tr\u00eas perguntas feitas no in\u00edcio desta se\u00e7\u00e3o. Por exemplo, uma das perguntas foi se o chocolate causa diretamente melhorias na sa\u00fade, n\u00e3o apenas se h\u00e1 uma rela\u00e7\u00e3o entre chocolate e sa\u00fade.<\/p>\n<p style=\"text-align: justify\">O estabelecimento da causalidade muitas vezes ocorre em duas etapas. Primeiro, uma associa\u00e7\u00e3o \u00e9 observada. Em seguida, uma an\u00e1lise mais cuidadosa leva a uma decis\u00e3o sobre causalidade.<\/p>\n<table width=\"100%\">\n<tbody>\n<tr>\n<td align=\"left\"><a class=\"next-page-link\" href=\"https:\/\/literaciadigital.ufms.br\/data8\/1-0\/1-3\/3-2\/\">\u2190 Cap\u00edtulo 1.3.2 &#8211; Outro Tipo de Personagem<\/a><\/td>\n<td align=\"right\"><a class=\"next-page-link\" href=\"https:\/\/literaciadigital.ufms.br\/data8\/2-0\/2-1\/\">Cap\u00edtulo 2.1 &#8211; John Snow e a Bomba da Broad Street \u2192<\/a><\/td>\n<\/tr>\n<\/tbody>\n<\/table>\n<\/div>\n<\/div>\n<div style=\"clear: both;height: 1px;margin-top: -1px\"><\/div>\n","protected":false},"excerpt":{"rendered":"<p>\u00cdndice 1. O que \u00e9 Ci\u00eancia de Dados? 1.1. Introdu\u00e7\u00e3o 1.1.1. Ferramentas Computacionais 1.1.2. T\u00e9cnicas Estat\u00edsticas 1.2. Por que Ci\u00eancia de Dados? 1.3. Tra\u00e7ando os Cl\u00e1ssicos 1.3.1. Personagens Liter\u00e1rios 1.3.2. Outro Tipo de Personagem 2. Causalidade e Experimentos 2.1. John Snow e a Bomba da Broad Street 2.2. O &#8220;Grande Experimento&#8221; de Snow 2.3. Estabelecendo [&hellip;]<\/p>\n","protected":false},"author":21894,"featured_media":0,"parent":141,"menu_order":0,"comment_status":"closed","ping_status":"closed","template":"page-templates\/full-width.php","meta":{"footnotes":""},"coauthors":[14],"class_list":["post-192","page","type-page","status-publish","hentry"],"_links":{"self":[{"href":"https:\/\/literaciadigital.ufms.br\/en\/wp-json\/wp\/v2\/pages\/192","targetHints":{"allow":["GET"]}}],"collection":[{"href":"https:\/\/literaciadigital.ufms.br\/en\/wp-json\/wp\/v2\/pages"}],"about":[{"href":"https:\/\/literaciadigital.ufms.br\/en\/wp-json\/wp\/v2\/types\/page"}],"author":[{"embeddable":true,"href":"https:\/\/literaciadigital.ufms.br\/en\/wp-json\/wp\/v2\/users\/21894"}],"replies":[{"embeddable":true,"href":"https:\/\/literaciadigital.ufms.br\/en\/wp-json\/wp\/v2\/comments?post=192"}],"version-history":[{"count":9,"href":"https:\/\/literaciadigital.ufms.br\/en\/wp-json\/wp\/v2\/pages\/192\/revisions"}],"predecessor-version":[{"id":898,"href":"https:\/\/literaciadigital.ufms.br\/en\/wp-json\/wp\/v2\/pages\/192\/revisions\/898"}],"up":[{"embeddable":true,"href":"https:\/\/literaciadigital.ufms.br\/en\/wp-json\/wp\/v2\/pages\/141"}],"wp:attachment":[{"href":"https:\/\/literaciadigital.ufms.br\/en\/wp-json\/wp\/v2\/media?parent=192"}],"wp:term":[{"taxonomy":"author","embeddable":true,"href":"https:\/\/literaciadigital.ufms.br\/en\/wp-json\/wp\/v2\/coauthors?post=192"}],"curies":[{"name":"wp","href":"https:\/\/api.w.org\/{rel}","templated":true}]}}