{"id":262,"date":"2025-04-04T17:08:59","date_gmt":"2025-04-04T21:08:59","guid":{"rendered":"https:\/\/literaciadigital.ufms.br\/?page_id=262"},"modified":"2025-07-28T11:35:15","modified_gmt":"2025-07-28T15:35:15","slug":"4-0","status":"publish","type":"page","link":"https:\/\/literaciadigital.ufms.br\/en\/data8\/4-0\/","title":{"rendered":"Cap\u00edtulo 4"},"content":{"rendered":"<div style=\"position: relative\">\n<div style=\"float: left;width: 300px;background-color: #f5f5f5;border: 1px solid #ddd;border-radius: 5px;padding: 15px;margin-right: 20px;margin-bottom: 5px;overflow: hidden\">\n<h3 style=\"margin: 0 0 10px 0;padding-bottom: 8px;border-bottom: 1px solid #ddd\">\u00cdndice<\/h3>\n<ol style=\"margin: 0;padding-left: 0;list-style-type: none\">\n<li style=\"margin-bottom: 5px\"><a style=\"padding: 2px 0\" href=\"https:\/\/literaciadigital.ufms.br\/data8\/1-0\/\">1. O que \u00e9 Ci\u00eancia de Dados?<\/a>\n<ul style=\"margin: 5px 0 5px 15px;padding-left: 10px;list-style-type: none;border-left: 1px solid #ddd\">\n<li style=\"margin-bottom: 3px\"><a style=\"padding: 2px 0\" href=\"https:\/\/literaciadigital.ufms.br\/data8\/1-0\/1-1\/\">1.1. Introdu\u00e7\u00e3o<\/a>\n<ul style=\"margin: 5px 0 5px 15px;padding-left: 10px;list-style-type: none;border-left: 1px solid #ddd\">\n<li style=\"margin-bottom: 3px\"><a style=\"padding: 2px 0\" href=\"https:\/\/literaciadigital.ufms.br\/data8\/1-0\/1-1\/1-1\/\">1.1.1. Ferramentas Computacionais<\/a><\/li>\n<li style=\"margin-bottom: 3px\"><a style=\"padding: 2px 0\" href=\"https:\/\/literaciadigital.ufms.br\/data8\/1-0\/1-1\/1-2\/\">1.1.2. T\u00e9cnicas Estat\u00edsticas<\/a><\/li>\n<\/ul>\n<\/li>\n<li style=\"margin-bottom: 3px\"><a style=\"padding: 2px 0\" href=\"https:\/\/literaciadigital.ufms.br\/data8\/1-0\/1-2\/\">1.2. Por que Ci\u00eancia de Dados?<\/a><\/li>\n<li style=\"margin-bottom: 3px\"><a style=\"padding: 2px 0\" href=\"https:\/\/literaciadigital.ufms.br\/data8\/1-0\/1-3\/\">1.3. Tra\u00e7ando os Cl\u00e1ssicos<\/a>\n<ul style=\"margin: 5px 0 5px 15px;padding-left: 10px;list-style-type: none;border-left: 1px solid #ddd\">\n<li style=\"margin-bottom: 3px\"><a style=\"padding: 2px 0\" href=\"https:\/\/literaciadigital.ufms.br\/data8\/1-0\/1-3\/3-1\/\">1.3.1. Personagens Liter\u00e1rios<\/a><\/li>\n<li style=\"margin-bottom: 3px\"><a style=\"padding: 2px 0\" href=\"https:\/\/literaciadigital.ufms.br\/data8\/1-0\/1-3\/3-2\/\">1.3.2. Outro Tipo de Personagem<\/a><\/li>\n<\/ul>\n<\/li>\n<\/ul>\n<\/li>\n<li style=\"margin-bottom: 5px\"><a style=\"padding: 2px 0\" href=\"https:\/\/literaciadigital.ufms.br\/data8\/2-0\/\">2. Causalidade e Experimentos<\/a>\n<ul style=\"margin: 5px 0 5px 15px;padding-left: 10px;list-style-type: none;border-left: 1px solid #ddd\">\n<li style=\"margin-bottom: 3px\"><a style=\"padding: 2px 0\" href=\"https:\/\/literaciadigital.ufms.br\/data8\/2-0\/2-1\/\">2.1. John Snow e a Bomba da Broad Street<\/a><\/li>\n<li style=\"margin-bottom: 3px\"><a style=\"padding: 2px 0\" href=\"https:\/\/literaciadigital.ufms.br\/data8\/2-0\/2-2\/\">2.2. O &#8220;Grande Experimento&#8221; de Snow<\/a><\/li>\n<li style=\"margin-bottom: 3px\"><a style=\"padding: 2px 0\" href=\"https:\/\/literaciadigital.ufms.br\/data8\/2-0\/2-3\/\">2.3. Estabelecendo Causalidade<\/a><\/li>\n<li style=\"margin-bottom: 3px\"><a style=\"padding: 2px 0\" href=\"https:\/\/literaciadigital.ufms.br\/data8\/2-0\/2-4\/\">2.4. Randomiza\u00e7\u00e3o<\/a><\/li>\n<li style=\"margin-bottom: 3px\"><a style=\"padding: 2px 0\" href=\"https:\/\/literaciadigital.ufms.br\/data8\/2-0\/2-5\/\">2.5. Notas Finais<\/a><\/li>\n<\/ul>\n<\/li>\n<li style=\"margin-bottom: 5px\"><a style=\"padding: 2px 0\" href=\"https:\/\/literaciadigital.ufms.br\/data8\/3-0\/\">3. Progamando em Python<\/a>\n<ul style=\"margin: 5px 0 5px 15px;padding-left: 10px;list-style-type: none;border-left: 1px solid #ddd\">\n<li style=\"margin-bottom: 3px\"><a style=\"padding: 2px 0\" href=\"https:\/\/literaciadigital.ufms.br\/data8\/3-0\/3-1\/\">3.1. Express\u00f5es<\/a><\/li>\n<li style=\"margin-bottom: 3px\"><a style=\"padding: 2px 0\" href=\"https:\/\/literaciadigital.ufms.br\/data8\/3-0\/3-2\/\">3.2. Nomes<\/a>\n<ul style=\"margin: 5px 0 5px 15px;padding-left: 10px;list-style-type: none;border-left: 1px solid #ddd\">\n<li style=\"margin-bottom: 3px\"><a style=\"padding: 2px 0\" href=\"https:\/\/literaciadigital.ufms.br\/data8\/3-0\/3-2\/2-1\/\">3.2.1. Exemplo: Taxas de Crescimento<\/a><\/li>\n<\/ul>\n<\/li>\n<li style=\"margin-bottom: 3px\"><a style=\"padding: 2px 0\" href=\"https:\/\/literaciadigital.ufms.br\/data8\/3-0\/3-3\/\">3.3. Chamadas<\/a><\/li>\n<li style=\"margin-bottom: 3px\"><a style=\"padding: 2px 0\" href=\"https:\/\/literaciadigital.ufms.br\/data8\/3-0\/3-4\/\">3.4. Introdu\u00e7\u00e3o \u00e0s Tabelas<\/a><\/li>\n<\/ul>\n<\/li>\n<li style=\"margin-bottom: 5px\"><a style=\"padding: 2px 0\" href=\"https:\/\/literaciadigital.ufms.br\/data8\/4-0\/\">4. Tipos de Dados<\/a>\n<ul style=\"margin: 5px 0 5px 15px;padding-left: 10px;list-style-type: none;border-left: 1px solid #ddd\">\n<li style=\"margin-bottom: 3px\"><a style=\"padding: 2px 0\" href=\"https:\/\/literaciadigital.ufms.br\/data8\/4-0\/4-1\/\">4.1. N\u00fameros<\/a><\/li>\n<li style=\"margin-bottom: 3px\"><a style=\"padding: 2px 0\" href=\"https:\/\/literaciadigital.ufms.br\/data8\/4-0\/4-2\/\">4.2. Strings<\/a>\n<ul style=\"margin: 5px 0 5px 15px;padding-left: 10px;list-style-type: none;border-left: 1px solid #ddd\">\n<li style=\"margin-bottom: 3px\"><a style=\"padding: 2px 0\" href=\"https:\/\/literaciadigital.ufms.br\/data8\/4-0\/4-2\/2-1\/\">4.2.1. M\u00e9todos de Strings<\/a><\/li>\n<\/ul>\n<\/li>\n<li style=\"margin-bottom: 3px\"><a style=\"padding: 2px 0\" href=\"https:\/\/literaciadigital.ufms.br\/data8\/4-0\/4-3\/\">4.3. Compara\u00e7\u00f5es<\/a><\/li>\n<\/ul>\n<\/li>\n<li style=\"margin-bottom: 5px\"><a style=\"padding: 2px 0\" href=\"https:\/\/literaciadigital.ufms.br\/data8\/5-0\/\">5. Sequ\u00eancias<\/a>\n<ul style=\"margin: 5px 0 5px 15px;padding-left: 10px;list-style-type: none;border-left: 1px solid #ddd\">\n<li style=\"margin-bottom: 3px\"><a style=\"padding: 2px 0\" href=\"https:\/\/literaciadigital.ufms.br\/data8\/5-0\/5-1\/\">5.1. Arrays<\/a><\/li>\n<li style=\"margin-bottom: 3px\"><a style=\"padding: 2px 0\" href=\"https:\/\/literaciadigital.ufms.br\/data8\/5-0\/5-2\/\">5.2. Ranges<\/a><\/li>\n<li style=\"margin-bottom: 3px\"><a style=\"padding: 2px 0\" href=\"https:\/\/literaciadigital.ufms.br\/data8\/5-0\/5-3\/\">5.3. Mais sobre Arrays<\/a><\/li>\n<\/ul>\n<\/li>\n<li style=\"margin-bottom: 5px\"><a style=\"padding: 2px 0\" href=\"https:\/\/literaciadigital.ufms.br\/data8\/6-0\/\">6. Tabelas<\/a>\n<ul style=\"margin: 5px 0 5px 15px;padding-left: 10px;list-style-type: none;border-left: 1px solid #ddd\">\n<li style=\"margin-bottom: 3px\"><a style=\"padding: 2px 0\" href=\"https:\/\/literaciadigital.ufms.br\/data8\/6-0\/6-1\/\">6.1. Ordenando Linhas<\/a><\/li>\n<li style=\"margin-bottom: 3px\"><a style=\"padding: 2px 0\" href=\"https:\/\/literaciadigital.ufms.br\/data8\/6-0\/6-2\/\">6.2. Selecionando Linhas<\/a><\/li>\n<li style=\"margin-bottom: 3px\"><a style=\"padding: 2px 0\" href=\"https:\/\/literaciadigital.ufms.br\/data8\/6-0\/6-3\/\">6.3. Exemplo: Tend\u00eancias Populacionais<\/a><\/li>\n<li style=\"margin-bottom: 3px\"><a style=\"padding: 2px 0\" href=\"https:\/\/literaciadigital.ufms.br\/data8\/6-0\/6-4\/\">6.4. Examplo: Propor\u00e7\u00f5es de Sexos<\/a><\/li>\n<\/ul>\n<\/li>\n<li style=\"margin-bottom: 5px\"><a style=\"padding: 2px 0\" href=\"https:\/\/literaciadigital.ufms.br\/data8\/7-0\/\">7. Visualiza\u00e7\u00e3o<\/a>\n<ul style=\"margin: 5px 0 5px 15px;padding-left: 10px;list-style-type: none;border-left: 1px solid #ddd\">\n<li style=\"margin-bottom: 3px\"><a style=\"padding: 2px 0\" href=\"https:\/\/literaciadigital.ufms.br\/data8\/7-0\/7-1\/\">7.1. Visualizando Distribui\u00e7\u00f5es<br \/>\n                        Categ\u00f3ricas<\/a><\/li>\n<li style=\"margin-bottom: 3px\"><a style=\"padding: 2px 0\" href=\"https:\/\/literaciadigital.ufms.br\/data8\/7-0\/7-2\/\">7.2. Visualizando Distribui\u00e7\u00f5es Num\u00e9ricas<\/a><\/li>\n<li style=\"margin-bottom: 3px\"><a style=\"padding: 2px 0\" href=\"https:\/\/literaciadigital.ufms.br\/data8\/7-0\/7-3\/\">7.3. Gr\u00e1ficos Sobrepostos<\/a><\/li>\n<\/ul>\n<\/li>\n<li style=\"margin-bottom: 5px\"><a style=\"padding: 2px 0\" href=\"https:\/\/literaciadigital.ufms.br\/data8\/8-0\/\">8. Fun\u00e7\u00f5es e Tabelas<\/a>\n<ul style=\"margin: 5px 0 5px 15px;padding-left: 10px;list-style-type: none;border-left: 1px solid #ddd\">\n<li style=\"margin-bottom: 3px\"><a style=\"padding: 2px 0\" href=\"https:\/\/literaciadigital.ufms.br\/data8\/8-0\/8-1\/\">8.1. Aplicando Fun\u00e7\u00e3o a uma Coluna<\/a><\/li>\n<li style=\"margin-bottom: 3px\"><a style=\"padding: 2px 0\" href=\"https:\/\/literaciadigital.ufms.br\/data8\/8-0\/8-2\/\">8.2. Classificando por uma Vari\u00e1vel<\/a><\/li>\n<li style=\"margin-bottom: 3px\"><a style=\"padding: 2px 0\" href=\"https:\/\/literaciadigital.ufms.br\/data8\/8-0\/8-3\/\">8.3. Classifica\u00e7\u00e3o Cruzada<\/a><\/li>\n<li style=\"margin-bottom: 3px\"><a style=\"padding: 2px 0\" href=\"https:\/\/literaciadigital.ufms.br\/data8\/8-0\/8-4\/\">8.4. Unindo Tabelas por Colunas<\/a><\/li>\n<li style=\"margin-bottom: 3px\"><a style=\"padding: 2px 0\" href=\"https:\/\/literaciadigital.ufms.br\/data8\/8-0\/8-5\/\">8.5. Compartilhamento de Bicicletas<\/a><\/li>\n<\/ul>\n<\/li>\n<li style=\"margin-bottom: 5px\"><a style=\"padding: 2px 0\" href=\"https:\/\/literaciadigital.ufms.br\/data8\/9-0\/\">9. Aleatoriedade<\/a>\n<ul style=\"margin: 5px 0 5px 15px;padding-left: 10px;list-style-type: none;border-left: 1px solid #ddd\">\n<li style=\"margin-bottom: 3px\"><a style=\"padding: 2px 0\" href=\"https:\/\/literaciadigital.ufms.br\/data8\/9-0\/9-1\/\">9.1. Declara\u00e7\u00f5es Condicionais<\/a><\/li>\n<li style=\"margin-bottom: 3px\"><a style=\"padding: 2px 0\" href=\"https:\/\/literaciadigital.ufms.br\/data8\/9-0\/9-2\/\">9.2. Itera\u00e7\u00e3o<\/a><\/li>\n<li style=\"margin-bottom: 3px\"><a style=\"padding: 2px 0\" href=\"https:\/\/literaciadigital.ufms.br\/data8\/9-0\/9-3\/\">9.3. Simula\u00e7\u00e3o<\/a><\/li>\n<li style=\"margin-bottom: 3px\"><a style=\"padding: 2px 0\" href=\"https:\/\/literaciadigital.ufms.br\/data8\/9-0\/9-4\/\">9.4. O Problema de Monty Hall<\/a><\/li>\n<li style=\"margin-bottom: 3px\"><a style=\"padding: 2px 0\" href=\"https:\/\/literaciadigital.ufms.br\/data8\/9-0\/9-5\/\">9.5. Encontrando Probabilidades<\/a><\/li>\n<\/ul>\n<\/li>\n<li style=\"margin-bottom: 5px\"><a style=\"padding: 2px 0\" href=\"https:\/\/literaciadigital.ufms.br\/data8\/10-0\/\">10. Amostragem e Distribui\u00e7\u00f5es Emp\u00edricas<\/a>\n<ul style=\"margin: 5px 0 5px 15px;padding-left: 10px;list-style-type: none;border-left: 1px solid #ddd\">\n<li style=\"margin-bottom: 3px\"><a style=\"padding: 2px 0\" href=\"https:\/\/literaciadigital.ufms.br\/data8\/10-0\/10-1\/\">10.1. Distribui\u00e7\u00f5es Emp\u00edricas<\/a><\/li>\n<li style=\"margin-bottom: 3px\"><a style=\"padding: 2px 0\" href=\"https:\/\/literaciadigital.ufms.br\/data8\/10-0\/10-2\/\">10.2. Amostragem de uma Popula\u00e7\u00e3o<\/a><\/li>\n<li style=\"margin-bottom: 3px\"><a style=\"padding: 2px 0\" href=\"https:\/\/literaciadigital.ufms.br\/data8\/10-0\/10-3\/\">10.3. Distribui\u00e7\u00e3o Emp\u00edrica de uma<br \/>\n                        Estat\u00edstica<\/a><\/li>\n<li style=\"margin-bottom: 3px\"><a style=\"padding: 2px 0\" href=\"https:\/\/literaciadigital.ufms.br\/data8\/10-0\/10-4\/\">10.4. Amostragem Aleat\u00f3ria em Python <\/a><\/li>\n<\/ul>\n<\/li>\n<li style=\"margin-bottom: 5px\"><a style=\"padding: 2px 0\" href=\"https:\/\/literaciadigital.ufms.br\/data8\/11-0\/\">11. Testando Hip\u00f3teses<\/a>\n<ul style=\"margin: 5px 0 5px 15px;padding-left: 10px;list-style-type: none;border-left: 1px solid #ddd\">\n<li style=\"margin-bottom: 3px\"><a style=\"padding: 2px 0\" href=\"https:\/\/literaciadigital.ufms.br\/data8\/11-0\/11-1\/\">11.1. Avaliando um Modelo<\/a><\/li>\n<li style=\"margin-bottom: 3px\"><a style=\"padding: 2px 0\" href=\"https:\/\/literaciadigital.ufms.br\/data8\/11-0\/11-2\/\">11.2. M\u00faltiplas Categorias<\/a><\/li>\n<li style=\"margin-bottom: 3px\"><a style=\"padding: 2px 0\" href=\"https:\/\/literaciadigital.ufms.br\/data8\/11-0\/11-3\/\">11.3. Decis\u00f5es e Incertezas<\/a><\/li>\n<li style=\"margin-bottom: 3px\"><a style=\"padding: 2px 0\" href=\"https:\/\/literaciadigital.ufms.br\/data8\/11-0\/11-4\/\">11.4. Probabilidades de Erro<\/a><\/li>\n<\/ul>\n<\/li>\n<li style=\"margin-bottom: 5px\"><a style=\"padding: 2px 0\" href=\"https:\/\/literaciadigital.ufms.br\/data8\/12-0\/\">12. Comparando Duas Amostras<\/a>\n<ul style=\"margin: 5px 0 5px 15px;padding-left: 10px;list-style-type: none;border-left: 1px solid #ddd\">\n<li style=\"margin-bottom: 3px\"><a style=\"padding: 2px 0\" href=\"https:\/\/literaciadigital.ufms.br\/data8\/12-0\/12-1\/\">12.1. Teste A\/B<\/a><\/li>\n<li style=\"margin-bottom: 3px\"><a style=\"padding: 2px 0\" href=\"https:\/\/literaciadigital.ufms.br\/data8\/12-0\/12-2\/\">12.2. Causalidade<\/a><\/li>\n<li style=\"margin-bottom: 3px\"><a style=\"padding: 2px 0\" href=\"https:\/\/literaciadigital.ufms.br\/data8\/12-0\/12-3\/\">12.3. Esvaziar<\/a><\/li>\n<\/ul>\n<\/li>\n<li style=\"margin-bottom: 5px\"><a style=\"padding: 2px 0\" href=\"https:\/\/literaciadigital.ufms.br\/data8\/13-0\/\">13. Estima\u00e7\u00e3o<\/a>\n<ul style=\"margin: 5px 0 5px 15px;padding-left: 10px;list-style-type: none;border-left: 1px solid #ddd\">\n<li style=\"margin-bottom: 3px\"><a style=\"padding: 2px 0\" href=\"https:\/\/literaciadigital.ufms.br\/data8\/13-0\/13-1\/\">13.1. Percentis<\/a><\/li>\n<li style=\"margin-bottom: 3px\"><a style=\"padding: 2px 0\" href=\"https:\/\/literaciadigital.ufms.br\/data8\/13-0\/13-2\/\">13.2. O Bootstrap<\/a><\/li>\n<li style=\"margin-bottom: 3px\"><a style=\"padding: 2px 0\" href=\"https:\/\/literaciadigital.ufms.br\/data8\/13-0\/13-3\/\">13.3. Intervalos de Confian\u00e7a<\/a><\/li>\n<li style=\"margin-bottom: 3px\"><a style=\"padding: 2px 0\" href=\"https:\/\/literaciadigital.ufms.br\/data8\/13-0\/13-4\/\">13.4. Usando Intervalos de Confian\u00e7a<\/a><\/li>\n<\/ul>\n<\/li>\n<li style=\"margin-bottom: 5px\"><a style=\"padding: 2px 0\" href=\"https:\/\/literaciadigital.ufms.br\/data8\/14-0\/\">14. Por que a M\u00e9dia \u00e9 Importante<\/a>\n<ul style=\"margin: 5px 0 5px 15px;padding-left: 10px;list-style-type: none;border-left: 1px solid #ddd\">\n<li style=\"margin-bottom: 3px\"><a style=\"padding: 2px 0\" href=\"https:\/\/literaciadigital.ufms.br\/data8\/14-0\/14-1\/\">14.1. Propriedades da M\u00e9dia<\/a><\/li>\n<li style=\"margin-bottom: 3px\"><a style=\"padding: 2px 0\" href=\"https:\/\/literaciadigital.ufms.br\/data8\/14-0\/14-2\/\">14.2. Variabilidade<\/a><\/li>\n<li style=\"margin-bottom: 3px\"><a style=\"padding: 2px 0\" href=\"https:\/\/literaciadigital.ufms.br\/data8\/14-0\/14-3\/\">14.3. O DP e a Curva Normal<\/a><\/li>\n<li style=\"margin-bottom: 3px\"><a style=\"padding: 2px 0\" href=\"https:\/\/literaciadigital.ufms.br\/data8\/14-0\/14-4\/\">14.4. Teorema Central do Limite<\/a><\/li>\n<li style=\"margin-bottom: 3px\"><a style=\"padding: 2px 0\" href=\"https:\/\/literaciadigital.ufms.br\/data8\/14-0\/14-5\/\">14.5. Variabilidade da M\u00e9dia da Amostra<\/a><\/li>\n<li style=\"margin-bottom: 3px\"><a style=\"padding: 2px 0\" href=\"https:\/\/literaciadigital.ufms.br\/data8\/14-0\/14-6\/\">14.6. Escolhendo um Tamanho de Amostra<\/a><\/li>\n<\/ul>\n<\/li>\n<li style=\"margin-bottom: 5px\"><a style=\"padding: 2px 0\" href=\"https:\/\/literaciadigital.ufms.br\/data8\/15-0\/\">15. Previs\u00e3o<\/a>\n<ul style=\"margin: 5px 0 5px 15px;padding-left: 10px;list-style-type: none;border-left: 1px solid #ddd\">\n<li style=\"margin-bottom: 3px\"><a style=\"padding: 2px 0\" href=\"https:\/\/literaciadigital.ufms.br\/data8\/15-0\/15-1\/\">15.1. Correla\u00e7\u00e3o<\/a><\/li>\n<li style=\"margin-bottom: 3px\"><a style=\"padding: 2px 0\" href=\"https:\/\/literaciadigital.ufms.br\/data8\/15-0\/15-2\/\">15.2. Linha de Regress\u00e3o<\/a><\/li>\n<li style=\"margin-bottom: 3px\"><a style=\"padding: 2px 0\" href=\"https:\/\/literaciadigital.ufms.br\/data8\/15-0\/15-3\/\">15.3. M\u00e9todo dos M\u00ednimos Quadrados<\/a><\/li>\n<li style=\"margin-bottom: 3px\"><a style=\"padding: 2px 0\" href=\"https:\/\/literaciadigital.ufms.br\/data8\/15-0\/15-4\/\">15.4. Regress\u00e3o de M\u00ednimos Quadrados<\/a><\/li>\n<li style=\"margin-bottom: 3px\"><a style=\"padding: 2px 0\" href=\"https:\/\/literaciadigital.ufms.br\/data8\/15-0\/15-5\/\">15.5. Diagn\u00f3sticos Visuais<\/a><\/li>\n<li style=\"margin-bottom: 3px\"><a style=\"padding: 2px 0\" href=\"https:\/\/literaciadigital.ufms.br\/data8\/15-0\/15-6\/\">15.6. Diagn\u00f3stico Num\u00e9rico<\/a><\/li>\n<\/ul>\n<\/li>\n<\/ol><\/div>\n<p>    <!-- Main Content --><\/p>\n<div style=\"overflow: hidden\">\n<p>        <!--###########################################################################################################################################################--><\/p>\n<h1 id=\"tipos-de-dados\" style=\"text-align: center\">Tipos de Dados<\/h1>\n<p style=\"text-align: justify\">Todo valor tem um tipo, e a fun\u00e7\u00e3o embutida <code>type<\/code> retorna o tipo do resultado de qualquer express\u00e3o.<\/p>\n<p style=\"text-align: justify\">Um tipo que j\u00e1 encontramos \u00e9 uma fun\u00e7\u00e3o embutida. O Python indica que o tipo \u00e9 um <code>builtin_function_or_method<\/code>; a distin\u00e7\u00e3o entre uma <em>fun\u00e7\u00e3o<\/em> e um <em>m\u00e9todo<\/em> n\u00e3o \u00e9 importante neste est\u00e1gio.<\/p>\n<pre><code><span style=\"color: black\">type(abs)<\/span><\/code><\/pre>\n<table style=\"font-family: monospace;border-spacing: 0;border-collapse: collapse;width: auto;margin-left: 1em\">\n<tbody>\n<tr>\n<td style=\"text-align: right;color: #888;padding-right: 0.5em\">Out[1]:<\/td>\n<td style=\"text-align: left\">builtin_function_or_method<\/td>\n<\/tr>\n<\/tbody>\n<\/table>\n<p>        &nbsp;<\/p>\n<p style=\"text-align: justify\">Este cap\u00edtulo ir\u00e1 explorar muitos tipos \u00fateis de dados.<\/p>\n<table width=\"100%\">\n<tbody>\n<tr>\n<td align=\"left\"><a class=\"next-page-link\" href=\"https:\/\/literaciadigital.ufms.br\/data8\/3-0\/3-4\/\">\u2190 Cap\u00edtulo 3.4 &#8211; Introdu\u00e7\u00e3o \u00e0s Tabelas<\/a><\/td>\n<td align=\"right\"><a class=\"next-page-link\" href=\"https:\/\/literaciadigital.ufms.br\/data8\/4-0\/4-1\/\">Cap\u00edtulo 4.1 &#8211; N\u00fameros \u2192<\/a><\/td>\n<\/tr>\n<\/tbody>\n<\/table>\n<p>        <!--###########################################################################################################################################################--><\/p><\/div>\n<\/div>\n<div style=\"clear: both;height: 1px;margin-top: -1px\"><\/div>\n","protected":false},"excerpt":{"rendered":"<p>\u00cdndice 1. O que \u00e9 Ci\u00eancia de Dados? 1.1. Introdu\u00e7\u00e3o 1.1.1. Ferramentas Computacionais 1.1.2. T\u00e9cnicas Estat\u00edsticas 1.2. Por que Ci\u00eancia de Dados? 1.3. Tra\u00e7ando os Cl\u00e1ssicos 1.3.1. Personagens Liter\u00e1rios 1.3.2. Outro Tipo de Personagem 2. Causalidade e Experimentos 2.1. John Snow e a Bomba da Broad Street 2.2. O &#8220;Grande Experimento&#8221; de Snow 2.3. Estabelecendo [&hellip;]<\/p>\n","protected":false},"author":21894,"featured_media":0,"parent":141,"menu_order":0,"comment_status":"closed","ping_status":"closed","template":"page-templates\/full-width.php","meta":{"footnotes":""},"coauthors":[14],"class_list":["post-262","page","type-page","status-publish","hentry"],"_links":{"self":[{"href":"https:\/\/literaciadigital.ufms.br\/en\/wp-json\/wp\/v2\/pages\/262","targetHints":{"allow":["GET"]}}],"collection":[{"href":"https:\/\/literaciadigital.ufms.br\/en\/wp-json\/wp\/v2\/pages"}],"about":[{"href":"https:\/\/literaciadigital.ufms.br\/en\/wp-json\/wp\/v2\/types\/page"}],"author":[{"embeddable":true,"href":"https:\/\/literaciadigital.ufms.br\/en\/wp-json\/wp\/v2\/users\/21894"}],"replies":[{"embeddable":true,"href":"https:\/\/literaciadigital.ufms.br\/en\/wp-json\/wp\/v2\/comments?post=262"}],"version-history":[{"count":5,"href":"https:\/\/literaciadigital.ufms.br\/en\/wp-json\/wp\/v2\/pages\/262\/revisions"}],"predecessor-version":[{"id":511,"href":"https:\/\/literaciadigital.ufms.br\/en\/wp-json\/wp\/v2\/pages\/262\/revisions\/511"}],"up":[{"embeddable":true,"href":"https:\/\/literaciadigital.ufms.br\/en\/wp-json\/wp\/v2\/pages\/141"}],"wp:attachment":[{"href":"https:\/\/literaciadigital.ufms.br\/en\/wp-json\/wp\/v2\/media?parent=262"}],"wp:term":[{"taxonomy":"author","embeddable":true,"href":"https:\/\/literaciadigital.ufms.br\/en\/wp-json\/wp\/v2\/coauthors?post=262"}],"curies":[{"name":"wp","href":"https:\/\/api.w.org\/{rel}","templated":true}]}}