{"id":79,"date":"2025-04-01T21:15:36","date_gmt":"2025-04-02T01:15:36","guid":{"rendered":"https:\/\/literaciadigital.ufms.br\/?page_id=79"},"modified":"2025-09-16T13:25:54","modified_gmt":"2025-09-16T17:25:54","slug":"3-1","status":"publish","type":"page","link":"https:\/\/literaciadigital.ufms.br\/en\/data8\/1-0\/1-3\/3-1\/","title":{"rendered":"Cap\u00edtulo 1.3.1"},"content":{"rendered":"<div style=\"position: relative\">\n<div style=\"float: left;width: 300px;background-color: #f5f5f5;border: 1px solid #ddd;border-radius: 5px;padding: 15px;margin-right: 20px;margin-bottom: 5px;overflow: hidden\">\n<h3 style=\"margin: 0 0 10px 0;padding-bottom: 8px;border-bottom: 1px solid #ddd\">\u00cdndice<\/h3>\n<ol style=\"margin: 0;padding-left: 0;list-style-type: none\">\n<li style=\"margin-bottom: 5px\"><a style=\"padding: 2px 0\" href=\"https:\/\/literaciadigital.ufms.br\/data8\/1-0\/\">1. O que \u00e9 Ci\u00eancia de Dados?<\/a>\n<ul style=\"margin: 5px 0 5px 15px;padding-left: 10px;list-style-type: none;border-left: 1px solid #ddd\">\n<li style=\"margin-bottom: 3px\"><a style=\"padding: 2px 0\" href=\"https:\/\/literaciadigital.ufms.br\/data8\/1-0\/1-1\/\">1.1. Introdu\u00e7\u00e3o<\/a>\n<ul style=\"margin: 5px 0 5px 15px;padding-left: 10px;list-style-type: none;border-left: 1px solid #ddd\">\n<li style=\"margin-bottom: 3px\"><a style=\"padding: 2px 0\" href=\"https:\/\/literaciadigital.ufms.br\/data8\/1-0\/1-1\/1-1\/\">1.1.1. Ferramentas Computacionais<\/a><\/li>\n<li style=\"margin-bottom: 3px\"><a style=\"padding: 2px 0\" href=\"https:\/\/literaciadigital.ufms.br\/data8\/1-0\/1-1\/1-2\/\">1.1.2. T\u00e9cnicas Estat\u00edsticas<\/a><\/li>\n<\/ul>\n<\/li>\n<li style=\"margin-bottom: 3px\"><a style=\"padding: 2px 0\" href=\"https:\/\/literaciadigital.ufms.br\/data8\/1-0\/1-2\/\">1.2. Por que Ci\u00eancia de Dados?<\/a><\/li>\n<li style=\"margin-bottom: 3px\"><a style=\"padding: 2px 0\" href=\"https:\/\/literaciadigital.ufms.br\/data8\/1-0\/1-3\/\">1.3. Tra\u00e7ando os Cl\u00e1ssicos<\/a>\n<ul style=\"margin: 5px 0 5px 15px;padding-left: 10px;list-style-type: none;border-left: 1px solid #ddd\">\n<li style=\"margin-bottom: 3px\"><a style=\"padding: 2px 0\" href=\"https:\/\/literaciadigital.ufms.br\/data8\/1-0\/1-3\/3-1\/\">1.3.1. Personagens Liter\u00e1rios<\/a><\/li>\n<li style=\"margin-bottom: 3px\"><a style=\"padding: 2px 0\" href=\"https:\/\/literaciadigital.ufms.br\/data8\/1-0\/1-3\/3-2\/\">1.3.2. Outro Tipo de Personagem<\/a><\/li>\n<\/ul>\n<\/li>\n<\/ul>\n<\/li>\n<li style=\"margin-bottom: 5px\"><a style=\"padding: 2px 0\" href=\"https:\/\/literaciadigital.ufms.br\/data8\/2-0\/\">2. Causalidade e Experimentos<\/a>\n<ul style=\"margin: 5px 0 5px 15px;padding-left: 10px;list-style-type: none;border-left: 1px solid #ddd\">\n<li style=\"margin-bottom: 3px\"><a style=\"padding: 2px 0\" href=\"https:\/\/literaciadigital.ufms.br\/data8\/2-0\/2-1\/\">2.1. John Snow e a Bomba da Broad Street<\/a><\/li>\n<li style=\"margin-bottom: 3px\"><a style=\"padding: 2px 0\" href=\"https:\/\/literaciadigital.ufms.br\/data8\/2-0\/2-2\/\">2.2. O &#8220;Grande Experimento&#8221; de Snow<\/a><\/li>\n<li style=\"margin-bottom: 3px\"><a style=\"padding: 2px 0\" href=\"https:\/\/literaciadigital.ufms.br\/data8\/2-0\/2-3\/\">2.3. Estabelecendo Causalidade<\/a><\/li>\n<li style=\"margin-bottom: 3px\"><a style=\"padding: 2px 0\" href=\"https:\/\/literaciadigital.ufms.br\/data8\/2-0\/2-4\/\">2.4. Randomiza\u00e7\u00e3o<\/a><\/li>\n<li style=\"margin-bottom: 3px\"><a style=\"padding: 2px 0\" href=\"https:\/\/literaciadigital.ufms.br\/data8\/2-0\/2-5\/\">2.5. Notas Finais<\/a><\/li>\n<\/ul>\n<\/li>\n<li style=\"margin-bottom: 5px\"><a style=\"padding: 2px 0\" href=\"https:\/\/literaciadigital.ufms.br\/data8\/3-0\/\">3. Progamando em Python<\/a>\n<ul style=\"margin: 5px 0 5px 15px;padding-left: 10px;list-style-type: none;border-left: 1px solid #ddd\">\n<li style=\"margin-bottom: 3px\"><a style=\"padding: 2px 0\" href=\"https:\/\/literaciadigital.ufms.br\/data8\/3-0\/3-1\/\">3.1. Express\u00f5es<\/a><\/li>\n<li style=\"margin-bottom: 3px\"><a style=\"padding: 2px 0\" href=\"https:\/\/literaciadigital.ufms.br\/data8\/3-0\/3-2\/\">3.2. Nomes<\/a>\n<ul style=\"margin: 5px 0 5px 15px;padding-left: 10px;list-style-type: none;border-left: 1px solid #ddd\">\n<li style=\"margin-bottom: 3px\"><a style=\"padding: 2px 0\" href=\"https:\/\/literaciadigital.ufms.br\/data8\/3-0\/3-2\/2-1\/\">3.2.1. Exemplo: Taxas de Crescimento<\/a><\/li>\n<\/ul>\n<\/li>\n<li style=\"margin-bottom: 3px\"><a style=\"padding: 2px 0\" href=\"https:\/\/literaciadigital.ufms.br\/data8\/3-0\/3-3\/\">3.3. Chamadas<\/a><\/li>\n<li style=\"margin-bottom: 3px\"><a style=\"padding: 2px 0\" href=\"https:\/\/literaciadigital.ufms.br\/data8\/3-0\/3-4\/\">3.4. Introdu\u00e7\u00e3o \u00e0s Tabelas<\/a><\/li>\n<\/ul>\n<\/li>\n<li style=\"margin-bottom: 5px\"><a style=\"padding: 2px 0\" href=\"https:\/\/literaciadigital.ufms.br\/data8\/4-0\/\">4. Tipos de Dados<\/a>\n<ul style=\"margin: 5px 0 5px 15px;padding-left: 10px;list-style-type: none;border-left: 1px solid #ddd\">\n<li style=\"margin-bottom: 3px\"><a style=\"padding: 2px 0\" href=\"https:\/\/literaciadigital.ufms.br\/data8\/4-0\/4-1\/\">4.1. N\u00fameros<\/a><\/li>\n<li style=\"margin-bottom: 3px\"><a style=\"padding: 2px 0\" href=\"https:\/\/literaciadigital.ufms.br\/data8\/4-0\/4-2\/\">4.2. Strings<\/a>\n<ul style=\"margin: 5px 0 5px 15px;padding-left: 10px;list-style-type: none;border-left: 1px solid #ddd\">\n<li style=\"margin-bottom: 3px\"><a style=\"padding: 2px 0\" href=\"https:\/\/literaciadigital.ufms.br\/data8\/4-0\/4-2\/2-1\/\">4.2.1. M\u00e9todos de Strings<\/a><\/li>\n<\/ul>\n<\/li>\n<li style=\"margin-bottom: 3px\"><a style=\"padding: 2px 0\" href=\"https:\/\/literaciadigital.ufms.br\/data8\/4-0\/4-3\/\">4.3. Compara\u00e7\u00f5es<\/a><\/li>\n<\/ul>\n<\/li>\n<li style=\"margin-bottom: 5px\"><a style=\"padding: 2px 0\" href=\"https:\/\/literaciadigital.ufms.br\/data8\/5-0\/\">5. Sequ\u00eancias<\/a>\n<ul style=\"margin: 5px 0 5px 15px;padding-left: 10px;list-style-type: none;border-left: 1px solid #ddd\">\n<li style=\"margin-bottom: 3px\"><a style=\"padding: 2px 0\" href=\"https:\/\/literaciadigital.ufms.br\/data8\/5-0\/5-1\/\">5.1. Arrays<\/a><\/li>\n<li style=\"margin-bottom: 3px\"><a style=\"padding: 2px 0\" href=\"https:\/\/literaciadigital.ufms.br\/data8\/5-0\/5-2\/\">5.2. Ranges<\/a><\/li>\n<li style=\"margin-bottom: 3px\"><a style=\"padding: 2px 0\" href=\"https:\/\/literaciadigital.ufms.br\/data8\/5-0\/5-3\/\">5.3. Mais sobre Arrays<\/a><\/li>\n<\/ul>\n<\/li>\n<li style=\"margin-bottom: 5px\"><a style=\"padding: 2px 0\" href=\"https:\/\/literaciadigital.ufms.br\/data8\/6-0\/\">6. Tabelas<\/a>\n<ul style=\"margin: 5px 0 5px 15px;padding-left: 10px;list-style-type: none;border-left: 1px solid #ddd\">\n<li style=\"margin-bottom: 3px\"><a style=\"padding: 2px 0\" href=\"https:\/\/literaciadigital.ufms.br\/data8\/6-0\/6-1\/\">6.1. Ordenando Linhas<\/a><\/li>\n<li style=\"margin-bottom: 3px\"><a style=\"padding: 2px 0\" href=\"https:\/\/literaciadigital.ufms.br\/data8\/6-0\/6-2\/\">6.2. Selecionando Linhas<\/a><\/li>\n<li style=\"margin-bottom: 3px\"><a style=\"padding: 2px 0\" href=\"https:\/\/literaciadigital.ufms.br\/data8\/6-0\/6-3\/\">6.3. Exemplo: Tend\u00eancias Populacionais<\/a><\/li>\n<li style=\"margin-bottom: 3px\"><a style=\"padding: 2px 0\" href=\"https:\/\/literaciadigital.ufms.br\/data8\/6-0\/6-4\/\">6.4. Examplo: Propor\u00e7\u00f5es de Sexos<\/a><\/li>\n<\/ul>\n<\/li>\n<li style=\"margin-bottom: 5px\"><a style=\"padding: 2px 0\" href=\"https:\/\/literaciadigital.ufms.br\/data8\/7-0\/\">7. Visualiza\u00e7\u00e3o<\/a>\n<ul style=\"margin: 5px 0 5px 15px;padding-left: 10px;list-style-type: none;border-left: 1px solid #ddd\">\n<li style=\"margin-bottom: 3px\"><a style=\"padding: 2px 0\" href=\"https:\/\/literaciadigital.ufms.br\/data8\/7-0\/7-1\/\">7.1. Visualizando Distribui\u00e7\u00f5es<br \/>\nCateg\u00f3ricas<\/a><\/li>\n<li style=\"margin-bottom: 3px\"><a style=\"padding: 2px 0\" href=\"https:\/\/literaciadigital.ufms.br\/data8\/7-0\/7-2\/\">7.2. Visualizando Distribui\u00e7\u00f5es Num\u00e9ricas<\/a><\/li>\n<li style=\"margin-bottom: 3px\"><a style=\"padding: 2px 0\" href=\"https:\/\/literaciadigital.ufms.br\/data8\/7-0\/7-3\/\">7.3. Gr\u00e1ficos Sobrepostos<\/a><\/li>\n<\/ul>\n<\/li>\n<li style=\"margin-bottom: 5px\"><a style=\"padding: 2px 0\" href=\"https:\/\/literaciadigital.ufms.br\/data8\/8-0\/\">8. Fun\u00e7\u00f5es e Tabelas<\/a>\n<ul style=\"margin: 5px 0 5px 15px;padding-left: 10px;list-style-type: none;border-left: 1px solid #ddd\">\n<li style=\"margin-bottom: 3px\"><a style=\"padding: 2px 0\" href=\"https:\/\/literaciadigital.ufms.br\/data8\/8-0\/8-1\/\">8.1. Aplicando Fun\u00e7\u00e3o a uma Coluna<\/a><\/li>\n<li style=\"margin-bottom: 3px\"><a style=\"padding: 2px 0\" href=\"https:\/\/literaciadigital.ufms.br\/data8\/8-0\/8-2\/\">8.2. Classificando por uma Vari\u00e1vel<\/a><\/li>\n<li style=\"margin-bottom: 3px\"><a style=\"padding: 2px 0\" href=\"https:\/\/literaciadigital.ufms.br\/data8\/8-0\/8-3\/\">8.3. Classifica\u00e7\u00e3o Cruzada<\/a><\/li>\n<li style=\"margin-bottom: 3px\"><a style=\"padding: 2px 0\" href=\"https:\/\/literaciadigital.ufms.br\/data8\/8-0\/8-4\/\">8.4. Unindo Tabelas por Colunas<\/a><\/li>\n<li style=\"margin-bottom: 3px\"><a style=\"padding: 2px 0\" href=\"https:\/\/literaciadigital.ufms.br\/data8\/8-0\/8-5\/\">8.5. Compartilhamento de Bicicletas<\/a><\/li>\n<\/ul>\n<\/li>\n<li style=\"margin-bottom: 5px\"><a style=\"padding: 2px 0\" href=\"https:\/\/literaciadigital.ufms.br\/data8\/9-0\/\">9. Aleatoriedade<\/a>\n<ul style=\"margin: 5px 0 5px 15px;padding-left: 10px;list-style-type: none;border-left: 1px solid #ddd\">\n<li style=\"margin-bottom: 3px\"><a style=\"padding: 2px 0\" href=\"https:\/\/literaciadigital.ufms.br\/data8\/9-0\/9-1\/\">9.1. Declara\u00e7\u00f5es Condicionais<\/a><\/li>\n<li style=\"margin-bottom: 3px\"><a style=\"padding: 2px 0\" href=\"https:\/\/literaciadigital.ufms.br\/data8\/9-0\/9-2\/\">9.2. Itera\u00e7\u00e3o<\/a><\/li>\n<li style=\"margin-bottom: 3px\"><a style=\"padding: 2px 0\" href=\"https:\/\/literaciadigital.ufms.br\/data8\/9-0\/9-3\/\">9.3. Simula\u00e7\u00e3o<\/a><\/li>\n<li style=\"margin-bottom: 3px\"><a style=\"padding: 2px 0\" href=\"https:\/\/literaciadigital.ufms.br\/data8\/9-0\/9-4\/\">9.4. O Problema de Monty Hall<\/a><\/li>\n<li style=\"margin-bottom: 3px\"><a style=\"padding: 2px 0\" href=\"https:\/\/literaciadigital.ufms.br\/data8\/9-0\/9-5\/\">9.5. Encontrando Probabilidades<\/a><\/li>\n<\/ul>\n<\/li>\n<li style=\"margin-bottom: 5px\"><a style=\"padding: 2px 0\" href=\"https:\/\/literaciadigital.ufms.br\/data8\/10-0\/\">10. Amostragem e Distribui\u00e7\u00f5es Emp\u00edricas<\/a>\n<ul style=\"margin: 5px 0 5px 15px;padding-left: 10px;list-style-type: none;border-left: 1px solid #ddd\">\n<li style=\"margin-bottom: 3px\"><a style=\"padding: 2px 0\" href=\"https:\/\/literaciadigital.ufms.br\/data8\/10-0\/10-1\/\">10.1. Distribui\u00e7\u00f5es Emp\u00edricas<\/a><\/li>\n<li style=\"margin-bottom: 3px\"><a style=\"padding: 2px 0\" href=\"https:\/\/literaciadigital.ufms.br\/data8\/10-0\/10-2\/\">10.2. Amostragem de uma Popula\u00e7\u00e3o<\/a><\/li>\n<li style=\"margin-bottom: 3px\"><a style=\"padding: 2px 0\" href=\"https:\/\/literaciadigital.ufms.br\/data8\/10-0\/10-3\/\">10.3. Distribui\u00e7\u00e3o Emp\u00edrica de uma<br \/>\nEstat\u00edstica<\/a><\/li>\n<li style=\"margin-bottom: 3px\"><a style=\"padding: 2px 0\" href=\"https:\/\/literaciadigital.ufms.br\/data8\/10-0\/10-4\/\">10.4. Amostragem Aleat\u00f3ria em Python <\/a><\/li>\n<\/ul>\n<\/li>\n<li style=\"margin-bottom: 5px\"><a style=\"padding: 2px 0\" href=\"https:\/\/literaciadigital.ufms.br\/data8\/11-0\/\">11. Testando Hip\u00f3teses<\/a>\n<ul style=\"margin: 5px 0 5px 15px;padding-left: 10px;list-style-type: none;border-left: 1px solid #ddd\">\n<li style=\"margin-bottom: 3px\"><a style=\"padding: 2px 0\" href=\"https:\/\/literaciadigital.ufms.br\/data8\/11-0\/11-1\/\">11.1. Avaliando um Modelo<\/a><\/li>\n<li style=\"margin-bottom: 3px\"><a style=\"padding: 2px 0\" href=\"https:\/\/literaciadigital.ufms.br\/data8\/11-0\/11-2\/\">11.2. M\u00faltiplas Categorias<\/a><\/li>\n<li style=\"margin-bottom: 3px\"><a style=\"padding: 2px 0\" href=\"https:\/\/literaciadigital.ufms.br\/data8\/11-0\/11-3\/\">11.3. Decis\u00f5es e Incertezas<\/a><\/li>\n<li style=\"margin-bottom: 3px\"><a style=\"padding: 2px 0\" href=\"https:\/\/literaciadigital.ufms.br\/data8\/11-0\/11-4\/\">11.4. Probabilidades de Erro<\/a><\/li>\n<\/ul>\n<\/li>\n<li style=\"margin-bottom: 5px\"><a style=\"padding: 2px 0\" href=\"https:\/\/literaciadigital.ufms.br\/data8\/12-0\/\">12. Comparando Duas Amostras<\/a>\n<ul style=\"margin: 5px 0 5px 15px;padding-left: 10px;list-style-type: none;border-left: 1px solid #ddd\">\n<li style=\"margin-bottom: 3px\"><a style=\"padding: 2px 0\" href=\"https:\/\/literaciadigital.ufms.br\/data8\/12-0\/12-1\/\">12.1. Teste A\/B<\/a><\/li>\n<li style=\"margin-bottom: 3px\"><a style=\"padding: 2px 0\" href=\"https:\/\/literaciadigital.ufms.br\/data8\/12-0\/12-2\/\">12.2. Causalidade<\/a><\/li>\n<li style=\"margin-bottom: 3px\"><a style=\"padding: 2px 0\" href=\"https:\/\/literaciadigital.ufms.br\/data8\/12-0\/12-3\/\">12.3. Esvaziar<\/a><\/li>\n<\/ul>\n<\/li>\n<li style=\"margin-bottom: 5px\"><a style=\"padding: 2px 0\" href=\"https:\/\/literaciadigital.ufms.br\/data8\/13-0\/\">13. Estima\u00e7\u00e3o<\/a>\n<ul style=\"margin: 5px 0 5px 15px;padding-left: 10px;list-style-type: none;border-left: 1px solid #ddd\">\n<li style=\"margin-bottom: 3px\"><a style=\"padding: 2px 0\" href=\"https:\/\/literaciadigital.ufms.br\/data8\/13-0\/13-1\/\">13.1. Percentis<\/a><\/li>\n<li style=\"margin-bottom: 3px\"><a style=\"padding: 2px 0\" href=\"https:\/\/literaciadigital.ufms.br\/data8\/13-0\/13-2\/\">13.2. O Bootstrap<\/a><\/li>\n<li style=\"margin-bottom: 3px\"><a style=\"padding: 2px 0\" href=\"https:\/\/literaciadigital.ufms.br\/data8\/13-0\/13-3\/\">13.3. Intervalos de Confian\u00e7a<\/a><\/li>\n<li style=\"margin-bottom: 3px\"><a style=\"padding: 2px 0\" href=\"https:\/\/literaciadigital.ufms.br\/data8\/13-0\/13-4\/\">13.4. Usando Intervalos de Confian\u00e7a<\/a><\/li>\n<\/ul>\n<\/li>\n<li style=\"margin-bottom: 5px\"><a style=\"padding: 2px 0\" href=\"https:\/\/literaciadigital.ufms.br\/data8\/14-0\/\">14. Por que a M\u00e9dia \u00e9 Importante<\/a>\n<ul style=\"margin: 5px 0 5px 15px;padding-left: 10px;list-style-type: none;border-left: 1px solid #ddd\">\n<li style=\"margin-bottom: 3px\"><a style=\"padding: 2px 0\" href=\"https:\/\/literaciadigital.ufms.br\/data8\/14-0\/14-1\/\">14.1. Propriedades da M\u00e9dia<\/a><\/li>\n<li style=\"margin-bottom: 3px\"><a style=\"padding: 2px 0\" href=\"https:\/\/literaciadigital.ufms.br\/data8\/14-0\/14-2\/\">14.2. Variabilidade<\/a><\/li>\n<li style=\"margin-bottom: 3px\"><a style=\"padding: 2px 0\" href=\"https:\/\/literaciadigital.ufms.br\/data8\/14-0\/14-3\/\">14.3. O DP e a Curva Normal<\/a><\/li>\n<li style=\"margin-bottom: 3px\"><a style=\"padding: 2px 0\" href=\"https:\/\/literaciadigital.ufms.br\/data8\/14-0\/14-4\/\">14.4. Teorema Central do Limite<\/a><\/li>\n<li style=\"margin-bottom: 3px\"><a style=\"padding: 2px 0\" href=\"https:\/\/literaciadigital.ufms.br\/data8\/14-0\/14-5\/\">14.5. Variabilidade da M\u00e9dia da Amostra<\/a><\/li>\n<li style=\"margin-bottom: 3px\"><a style=\"padding: 2px 0\" href=\"https:\/\/literaciadigital.ufms.br\/data8\/14-0\/14-6\/\">14.6. Escolhendo um Tamanho de Amostra<\/a><\/li>\n<\/ul>\n<\/li>\n<li style=\"margin-bottom: 5px\"><a style=\"padding: 2px 0\" href=\"https:\/\/literaciadigital.ufms.br\/data8\/15-0\/\">15. Previs\u00e3o<\/a>\n<ul style=\"margin: 5px 0 5px 15px;padding-left: 10px;list-style-type: none;border-left: 1px solid #ddd\">\n<li style=\"margin-bottom: 3px\"><a style=\"padding: 2px 0\" href=\"https:\/\/literaciadigital.ufms.br\/data8\/15-0\/15-1\/\">15.1. Correla\u00e7\u00e3o<\/a><\/li>\n<li style=\"margin-bottom: 3px\"><a style=\"padding: 2px 0\" href=\"https:\/\/literaciadigital.ufms.br\/data8\/15-0\/15-2\/\">15.2. Linha de Regress\u00e3o<\/a><\/li>\n<li style=\"margin-bottom: 3px\"><a style=\"padding: 2px 0\" href=\"https:\/\/literaciadigital.ufms.br\/data8\/15-0\/15-3\/\">15.3. M\u00e9todo dos M\u00ednimos Quadrados<\/a><\/li>\n<li style=\"margin-bottom: 3px\"><a style=\"padding: 2px 0\" href=\"https:\/\/literaciadigital.ufms.br\/data8\/15-0\/15-4\/\">15.4. Regress\u00e3o de M\u00ednimos Quadrados<\/a><\/li>\n<li style=\"margin-bottom: 3px\"><a style=\"padding: 2px 0\" href=\"https:\/\/literaciadigital.ufms.br\/data8\/15-0\/15-5\/\">15.5. Diagn\u00f3sticos Visuais<\/a><\/li>\n<li style=\"margin-bottom: 3px\"><a style=\"padding: 2px 0\" href=\"https:\/\/literaciadigital.ufms.br\/data8\/15-0\/15-6\/\">15.6. Diagn\u00f3stico Num\u00e9rico<\/a><\/li>\n<\/ul>\n<\/li>\n<\/ol>\n<\/div>\n<p><!-- Main Content --><\/p>\n<div style=\"overflow: hidden\">\n<p style=\"text-align: justify\">Bibliotecas necess\u00e1rias:<\/p>\n<pre><code><span style=\"color: black\">from datascience import Table\r\nimport numpy as np\r\npath_data = '..\/..\/..\/'\r\nimport matplotlib\r\nmatplotlib.use('Agg')\r\n%matplotlib inline\r\nimport matplotlib.pyplot as plots\r\nplots.style.use('fivethirtyeight')\r\nimport warnings\r\nwarnings.simplefilter(action=\"ignore\", category=FutureWarning)\r\n\r\nfrom urllib.request import urlopen\r\nimport re\r\ndef read_url(url):\r\n    return re.sub('\\\\s+', ' ', urlopen(url).read().decode())<\/span><\/code><\/pre>\n<p>Pr\u00e9-processamento dos textos:<\/p>\n<pre><code><span style=\"color: black\"># Read two books, fast (again)!\r\n\r\nhuck_finn_url = 'https:\/\/www.inferentialthinking.com\/data\/huck_finn.txt'\r\nhuck_finn_text = read_url(huck_finn_url)\r\nhuck_finn_chapters = huck_finn_text.split('CHAPTER ')[44:]\r\n\r\nlittle_women_url = 'https:\/\/www.inferentialthinking.com\/data\/little_women.txt'\r\nlittle_women_text = read_url(little_women_url)\r\nlittle_women_chapters = little_women_text.split('CHAPTER ')[1:]<\/span><\/code><\/pre>\n<p>&nbsp;<\/p>\n<h1 id=\"personagens-liter-rios\" style=\"text-align: center\">Personagens Liter\u00e1rios<\/h1>\n<p style=\"text-align: justify\"><em>As Aventuras de Huckleberry Finn<\/em> descreve uma jornada que Huck e Jim fazem ao longo do rio Mississippi. Tom Sawyer se junta a eles no final, \u00e0 medida que a a\u00e7\u00e3o se intensifica. Tendo carregado o texto, podemos visualizar rapidamente quantas vezes esses personagens foram mencionados em qualquer ponto do livro.<\/p>\n<p>&nbsp;<\/p>\n<pre><code><span style=\"color: black\"># Obtenha as contagens cumulativas dos nomes Jim, Tom e Huck que aparecem em cada cap\u00edtulo.\r\n\r\ncounts = Table().with_columns([\r\n'Jim', np.cumsum(np.char.count(huck_finn_chapters, 'Jim')),\r\n'Tom', np.cumsum(np.char.count(huck_finn_chapters, 'Tom')),\r\n'Huck', np.cumsum(np.char.count(huck_finn_chapters, 'Huck'))\r\n])\r\n\r\n# Trace as contagens cumulativas:\r\n# quantas vezes no Cap\u00edtulo 1, quantas vezes nos Cap\u00edtulos 1 e 2 e assim por diante.\r\n\r\ncum_counts = counts.with_column('Chapter', np.arange(1, 44, 1))\r\ncum_counts.plot(column_for_xticks=3)\r\nplots.title('Cumulative Number of Times Each Name Appears', y=1.08)<\/span><\/code><\/pre>\n<p><img fetchpriority=\"high\" decoding=\"async\" class=\" wp-image-80 aligncenter\" src=\"https:\/\/literaciadigital.ufms.br\/files\/2025\/04\/1-3-1-plot1-300x239.png\" alt=\"\" width=\"366\" height=\"292\" srcset=\"https:\/\/literaciadigital.ufms.br\/files\/2025\/04\/1-3-1-plot1-300x239.png 300w, https:\/\/literaciadigital.ufms.br\/files\/2025\/04\/1-3-1-plot1-401x320.png 401w, https:\/\/literaciadigital.ufms.br\/files\/2025\/04\/1-3-1-plot1.png 567w\" sizes=\"(max-width: 366px) 100vw, 366px\" \/><\/p>\n<p>&nbsp;<\/p>\n<p style=\"text-align: justify\">No gr\u00e1fico acima, o eixo horizontal mostra os n\u00fameros dos cap\u00edtulos e o eixo vertical mostra quantas vezes cada personagem foi mencionado at\u00e9 aquele cap\u00edtulo inclusive.<\/p>\n<p style=\"text-align: justify\">Voc\u00ea pode ver que Jim \u00e9 um personagem central pelo grande n\u00famero de vezes que seu nome aparece. Note como Tom \u00e9 mencionado apenas algumas vezes durante grande parte do livro at\u00e9 que ele chega e se junta a Huck e Jim, ap\u00f3s o Cap\u00edtulo 30. Sua curva e a ascens\u00e3o de Jim sobem bruscamente a partir desse ponto, conforme a a\u00e7\u00e3o envolvendo ambos intensifica. Quanto a Huck, seu nome quase n\u00e3o aparece, porque ele \u00e9 o narrador.<\/p>\n<p style=\"text-align: justify\"><em>Little Women<\/em> \u00e9 a hist\u00f3ria de quatro irm\u00e3s que cresceram juntas durante a guerra civil. Neste livro, os n\u00fameros dos cap\u00edtulos s\u00e3o escritos e os t\u00edtulos dos cap\u00edtulos s\u00e3o escritos em letras mai\u00fasculas.<\/p>\n<p>&nbsp;<\/p>\n<pre><code><span style=\"color: black\"># Os cap\u00edtulos de Pequenas Mulheres, em uma tabela\r\n\r\nTable().with_column('Chapters', little_women_chapters)<\/span><\/code><\/pre>\n<table style=\"width: 100%;border-collapse: collapse;font-family: monospace\" border=\"1\">\n<thead>\n<tr>\n<th style=\"text-align: left;padding: 4px;background-color: #f0f0f0\">Chapters<\/th>\n<\/tr>\n<\/thead>\n<tbody>\n<tr>\n<td style=\"padding: 4px\">ONE PLAYING PILGRIMS &#8220;Christmas won&#8217;t be Christmas witho &#8230;<\/td>\n<\/tr>\n<tr>\n<td style=\"padding: 4px\">TWO A MERRY CHRISTMAS Jo was the first to wake in the gr &#8230;<\/td>\n<\/tr>\n<tr>\n<td style=\"padding: 4px\">THREE THE LAURENCE BOY &#8220;Jo! Jo! Where are you?&#8221; cried Me &#8230;<\/td>\n<\/tr>\n<tr>\n<td style=\"padding: 4px\">FOUR BURDENS &#8220;Oh, dear, how hard it does seem to take up &#8230;<\/td>\n<\/tr>\n<tr>\n<td style=\"padding: 4px\">FIVE BEING NEIGHBORLY &#8220;What in the world are you going t &#8230;<\/td>\n<\/tr>\n<tr>\n<td style=\"padding: 4px\">SIX BETH FINDS THE PALACE BEAUTIFUL The big house did pr &#8230;<\/td>\n<\/tr>\n<tr>\n<td style=\"padding: 4px\">SEVEN AMY&#8217;S VALLEY OF HUMILIATION &#8220;That boy is a perfect &#8230;<\/td>\n<\/tr>\n<tr>\n<td style=\"padding: 4px\">EIGHT JO MEETS APOLLYON &#8220;Girls, where are you going?&#8221; as &#8230;<\/td>\n<\/tr>\n<tr>\n<td style=\"padding: 4px\">NINE MEG GOES TO VANITY FAIR &#8220;I do think it was the most &#8230;<\/td>\n<\/tr>\n<tr>\n<td style=\"padding: 4px\">TEN THE P.C. AND P.O. As spring came on, a new set of am &#8230;<\/td>\n<\/tr>\n<tr>\n<td style=\"padding: 4px;color: #666\">&#8230; (37 rows omitted)<\/td>\n<\/tr>\n<\/tbody>\n<\/table>\n<p>&nbsp;<\/p>\n<p style=\"text-align: justify\">Podemos rastrear as men\u00e7\u00f5es aos personagens principais para aprender sobre o enredo deste livro tamb\u00e9m. A protagonista Jo interage regularmente com suas irm\u00e3s Meg, Beth e Amy, at\u00e9 o cap\u00edtulo 27, quando ela se muda sozinha para Nova York.<\/p>\n<p>&nbsp;<\/p>\n<pre><code><span style=\"color: black\"># Obtenha a contagem cumulativa dos nomes nos cap\u00edtulos de Little Women\r\n\r\ncounts = Table().with_columns([\r\n        'Amy', np.cumsum(np.char.count(little_women_chapters, 'Amy')),\r\n        'Beth', np.cumsum(np.char.count(little_women_chapters, 'Beth')),\r\n        'Jo', np.cumsum(np.char.count(little_women_chapters, 'Jo')),\r\n        'Meg', np.cumsum(np.char.count(little_women_chapters, 'Meg')),\r\n        'Laurie', np.cumsum(np.char.count(little_women_chapters, 'Laurie')),\r\n\r\n    ])\r\n\r\n# Plot the cumulative counts.\r\n\r\ncum_counts = counts.with_column('Chapter', np.arange(1, 48, 1))\r\ncum_counts.plot(column_for_xticks=5)\r\nplots.title('Cumulative Number of Times Each Name Appears', y=1.08)<\/span><\/code><\/pre>\n<p style=\"text-align: justify\"><img decoding=\"async\" class=\"size-medium wp-image-81 aligncenter\" src=\"https:\/\/literaciadigital.ufms.br\/files\/2025\/04\/1-3-1-plot2-300x236.png\" alt=\"\" width=\"366\" height=\"292\" \/><\/p>\n<p>&nbsp;<\/p>\n<p style=\"text-align: justify\">Laurie \u00e9 um jovem que no final se casa com uma das meninas. Veja se consegue usar as tramas para adivinhar qual delas.<\/p>\n<table width=\"100%\">\n<tbody>\n<tr>\n<td align=\"left\"><a class=\"next-page-link\" href=\"https:\/\/literaciadigital.ufms.br\/data8\/1-0\/1-3\/\">\u2190 Cap\u00edtulo 1.3 &#8211; Tra\u00e7ando os Cl\u00e1ssicos<\/a><\/td>\n<td align=\"right\"><a class=\"next-page-link\" href=\"https:\/\/literaciadigital.ufms.br\/data8\/1-0\/1-3\/3-2\/\">Cap\u00edtulo 1.3.2 &#8211; Outro Tipo de Personagem \u2192<\/a><\/td>\n<\/tr>\n<\/tbody>\n<\/table>\n<\/div>\n<\/div>\n<div style=\"clear: both;height: 1px;margin-top: -1px\"><\/div>\n","protected":false},"excerpt":{"rendered":"<p>\u00cdndice 1. O que \u00e9 Ci\u00eancia de Dados? 1.1. Introdu\u00e7\u00e3o 1.1.1. Ferramentas Computacionais 1.1.2. T\u00e9cnicas Estat\u00edsticas 1.2. Por que Ci\u00eancia de Dados? 1.3. Tra\u00e7ando os Cl\u00e1ssicos 1.3.1. Personagens Liter\u00e1rios 1.3.2. Outro Tipo de Personagem 2. Causalidade e Experimentos 2.1. John Snow e a Bomba da Broad Street 2.2. O &#8220;Grande Experimento&#8221; de Snow 2.3. Estabelecendo [&hellip;]<\/p>\n","protected":false},"author":21894,"featured_media":0,"parent":64,"menu_order":0,"comment_status":"closed","ping_status":"closed","template":"page-templates\/full-width.php","meta":{"footnotes":""},"coauthors":[14],"class_list":["post-79","page","type-page","status-publish","hentry"],"_links":{"self":[{"href":"https:\/\/literaciadigital.ufms.br\/en\/wp-json\/wp\/v2\/pages\/79","targetHints":{"allow":["GET"]}}],"collection":[{"href":"https:\/\/literaciadigital.ufms.br\/en\/wp-json\/wp\/v2\/pages"}],"about":[{"href":"https:\/\/literaciadigital.ufms.br\/en\/wp-json\/wp\/v2\/types\/page"}],"author":[{"embeddable":true,"href":"https:\/\/literaciadigital.ufms.br\/en\/wp-json\/wp\/v2\/users\/21894"}],"replies":[{"embeddable":true,"href":"https:\/\/literaciadigital.ufms.br\/en\/wp-json\/wp\/v2\/comments?post=79"}],"version-history":[{"count":23,"href":"https:\/\/literaciadigital.ufms.br\/en\/wp-json\/wp\/v2\/pages\/79\/revisions"}],"predecessor-version":[{"id":893,"href":"https:\/\/literaciadigital.ufms.br\/en\/wp-json\/wp\/v2\/pages\/79\/revisions\/893"}],"up":[{"embeddable":true,"href":"https:\/\/literaciadigital.ufms.br\/en\/wp-json\/wp\/v2\/pages\/64"}],"wp:attachment":[{"href":"https:\/\/literaciadigital.ufms.br\/en\/wp-json\/wp\/v2\/media?parent=79"}],"wp:term":[{"taxonomy":"author","embeddable":true,"href":"https:\/\/literaciadigital.ufms.br\/en\/wp-json\/wp\/v2\/coauthors?post=79"}],"curies":[{"name":"wp","href":"https:\/\/api.w.org\/{rel}","templated":true}]}}